{"id":276,"date":"2024-09-11T14:40:08","date_gmt":"2024-09-11T12:40:08","guid":{"rendered":"https:\/\/napisowa.pl\/?page_id=276"},"modified":"2025-10-22T18:50:57","modified_gmt":"2025-10-22T16:50:57","slug":"polityka-prywatnosci","status":"publish","type":"page","link":"https:\/\/napisowa.pl\/index.php\/polityka-prywatnosci\/","title":{"rendered":"Polityka prywatno\u015bci"},"content":{"rendered":"\n<h1 class=\"wp-block-heading\"><\/h1>\n\n\n\n<p>Data ostatniej aktualizacji: 22.10.2025 r.<\/p>\n\n\n\n<p>Polityka prywatno\u015bci opisuje zasady przetwarzania przez nas informacji na Tw\u00f3j temat, w tym danych osobowych oraz ciasteczek, czyli tzw. cookies.<\/p>\n\n\n\n<p><strong>1. Informacje og\u00f3lne<\/strong><\/p>\n\n\n\n<ol class=\"wp-block-list\">\n<li>Niniejsza polityka dotyczy Serwisu www, funkcjonuj\u0105cego pod adresem url: <strong>napisowa.pl<\/strong><\/li>\n\n\n\n<li>Operatorem serwisu oraz Administratorem danych osobowych jest: KANTANTE sp\u00f3\u0142ka z ograniczon\u0105 odpowiedzialno\u015bci\u0105 z siedzib\u0105 w Bia\u0142ymstoku przy ul. Zwierzyniecka 25A, 15-312, KRS: 0001109830, NIP: 5423486225, REGON: 528850296.<\/li>\n\n\n\n<li>Adres kontaktowy poczty elektronicznej operatora: <a href=\"mailto:kontakt@kantante.eu\">kontakt@kantante.eu<\/a><\/li>\n\n\n\n<li>Operator jest Administratorem Twoich danych osobowych w odniesieniu do danych podanych dobrowolnie w Serwisie.<\/li>\n\n\n\n<li>Serwis wykorzystuje dane osobowe w nast\u0119puj\u0105cych celach:\n<ol class=\"wp-block-list\">\n<li>Prawid\u0142owe funkcjonowanie strony internetowej wykorzystywanej do prezentacji oferty lub informacji.<\/li>\n\n\n\n<li>Zbieranie numer\u00f3w telefon\u00f3w oraz nazw firm i instytucji potencjalnych klient\u00f3w w celu przedstawienia oferty po wype\u0142nieniu formularza kontaktowego.<\/li>\n<\/ol>\n<\/li>\n\n\n\n<li>Serwis nie realizuje obecnie funkcji pozyskiwania informacji o u\u017cytkownikach i ich zachowaniu.<\/li>\n<\/ol>\n\n\n\n<p><strong>2. Wybrane metody ochrony danych stosowane przez Operatora<\/strong><\/p>\n\n\n\n<ol class=\"wp-block-list\">\n<li>Miejsca logowania i wprowadzania danych osobowych s\u0105 chronione w warstwie transmisji (certyfikat SSL). Dzi\u0119ki temu dane osobowe i dane logowania, wprowadzone na stronie, zostaj\u0105 zaszyfrowane w komputerze u\u017cytkownika i mog\u0105 by\u0107 odczytane jedynie na docelowym serwerze.<\/li>\n\n\n\n<li>Dane osobowe przechowywane w bazie danych s\u0105 zaszyfrowane w taki spos\u00f3b, \u017ce jedynie posiadaj\u0105cy Operator klucz mo\u017ce je odczyta\u0107. Dzi\u0119ki temu dane s\u0105 chronione na wypadek wykradzenia bazy danych z serwera.<\/li>\n\n\n\n<li>Operator okresowo zmienia swoje has\u0142a administracyjne.<\/li>\n\n\n\n<li>W celu ochrony danych Operator regularnie wykonuje kopie bezpiecze\u0144stwa.<\/li>\n\n\n\n<li>Istotnym elementem ochrony danych jest regularna aktualizacja wszelkiego oprogramowania, wykorzystywanego przez Operatora do przetwarzania danych osobowych, co w szczeg\u00f3lno\u015bci oznacza regularne aktualizacje komponent\u00f3w programistycznych.<\/li>\n<\/ol>\n\n\n\n<h2 class=\"wp-block-heading\"><strong>3. Hosting<\/strong><\/h2>\n\n\n\n<ol class=\"wp-block-list\">\n<li>Serwis jest hostowany (technicznie utrzymywany) na serwerach operatora: OVH<\/li>\n\n\n\n<li>Firma hostingowa w celu zapewnienia niezawodno\u015bci technicznej prowadzi logi na poziomie serwera. Zapisowi mog\u0105 podlega\u0107:<\/li>\n<\/ol>\n\n\n\n<ol class=\"wp-block-list\">\n<li>zasoby okre\u015blone identyfikatorem URL (adresy \u017c\u0105danych zasob\u00f3w \u2013 stron, plik\u00f3w),<\/li>\n\n\n\n<li>czas nadej\u015bcia zapytania,<\/li>\n\n\n\n<li>czas wys\u0142ania odpowiedzi,<\/li>\n\n\n\n<li>nazw\u0119 stacji klienta \u2013 identyfikacja realizowana przez protok\u00f3\u0142 HTTP,<\/li>\n\n\n\n<li>informacje o b\u0142\u0119dach jakie nast\u0105pi\u0142y przy realizacji transakcji HTTP,<\/li>\n\n\n\n<li>adres URL strony poprzednio odwiedzanej przez u\u017cytkownika (referer link) \u2013 w przypadku gdy przej\u015bcie do Serwisu nast\u0105pi\u0142o przez odno\u015bnik,<\/li>\n\n\n\n<li>informacje o przegl\u0105darce u\u017cytkownika,<\/li>\n\n\n\n<li>informacje o adresie IP,<\/li>\n\n\n\n<li>informacje diagnostyczne zwi\u0105zane z procesem samodzielnego zamawiania us\u0142ug poprzez rejestratory na stronie,<\/li>\n\n\n\n<li>informacje zwi\u0105zane z obs\u0142ug\u0105 poczty elektronicznej kierowanej do Operatora oraz wysy\u0142anej przez Operatora.<\/li>\n<\/ol>\n\n\n\n<h2 class=\"wp-block-heading\"><strong>4. Twoje prawa i dodatkowe informacje o sposobie wykorzystania danych<\/strong><\/h2>\n\n\n\n<ol class=\"wp-block-list\">\n<li>W niekt\u00f3rych sytuacjach Administrator ma prawo przekazywa\u0107 Twoje dane osobowe innym odbiorcom, je\u015bli b\u0119dzie to niezb\u0119dne do wykonania zawartej z Tob\u0105 umowy lub do zrealizowania obowi\u0105zk\u00f3w ci\u0105\u017c\u0105cych na Administratorze. Dotyczy to takich grup odbiorc\u00f3w:\n<ol class=\"wp-block-list\">\n<li>firma hostingowa na zasadzie powierzenia<\/li>\n\n\n\n<li>Twoje dane osobowe przetwarzane przez Administratora nie d\u0142u\u017cej, ni\u017c jest to konieczne do wykonania zwi\u0105zanych z nimi czynno\u015bci okre\u015blonych osobnymi przepisami (np. o prowadzeniu rachunkowo\u015bci). W odniesieniu do danych marketingowych dane nie b\u0119d\u0105 przetwarzane d\u0142u\u017cej ni\u017c przez 3 lata.<\/li>\n<\/ol>\n<\/li>\n\n\n\n<li>Przys\u0142uguje Ci prawo \u017c\u0105dania od Administratora:\n<ol class=\"wp-block-list\">\n<li>dost\u0119pu do danych osobowych Ciebie dotycz\u0105cych,<\/li>\n\n\n\n<li>ich sprostowania,<\/li>\n\n\n\n<li>usuni\u0119cia,<\/li>\n\n\n\n<li>ograniczenia przetwarzania,<\/li>\n\n\n\n<li>oraz przenoszenia danych.<\/li>\n<\/ol>\n<\/li>\n\n\n\n<li>Przys\u0142uguje Ci prawo do z\u0142o\u017cenia sprzeciwu w zakresie przetwarzania wskazanego w pkt 3.2 wobec przetwarzania danych osobowych w celu wykonania prawnie uzasadnionych interes\u00f3w realizowanych przez Administratora, w tym profilowania, przy czym prawo sprzeciwu nie b\u0119dzie mog\u0142o by\u0107 wykonane w przypadku istnienia wa\u017cnych prawnie uzasadnionych podstaw do przetwarzania, nadrz\u0119dnych wobec Ciebie interes\u00f3w, praw i wolno\u015bci, w szczeg\u00f3lno\u015bci ustalenia, dochodzenia lub obrony roszcze\u0144.<\/li>\n\n\n\n<li>Na dzia\u0142ania Administratora przys\u0142uguje skarga do Prezesa Urz\u0119du Ochrony Danych Osobowych, ul. Stawki 2, 00-193 Warszawa.<\/li>\n\n\n\n<li>Podanie danych osobowych jest dobrowolne, lecz niezb\u0119dne do obs\u0142ugi Serwisu.<\/li>\n\n\n\n<li>Dane osobowe nie s\u0105 przekazywane od kraj\u00f3w trzecich w rozumieniu przepis\u00f3w o ochronie danych osobowych. Oznacza to, \u017ce nie przesy\u0142amy ich poza teren Unii Europejskiej.<\/li>\n<\/ol>\n\n\n\n<h2 class=\"wp-block-heading\"><strong>5. Informacje w formularzach<\/strong><\/h2>\n\n\n\n<ol class=\"wp-block-list\">\n<li>Serwis zbiera dane podawane w formularzach zewn\u0119trznych.<\/li>\n\n\n\n<li>Zbierane s\u0105 numery telefon\u00f3w oraz nazwy reprezentowanych instytucji potencjalnych klient\u00f3w.<\/li>\n<\/ol>\n\n\n\n<h2 class=\"wp-block-heading\"><strong>6. Logi Administratora<\/strong><\/h2>\n\n\n\n<ol class=\"wp-block-list\">\n<li>Informacje o zachowaniu u\u017cytkownik\u00f3w w serwisie mog\u0105 podlega\u0107 logowaniu. Dane te s\u0105 wykorzystywane w celu administrowania serwisem.<\/li>\n<\/ol>\n\n\n\n<h2 class=\"wp-block-heading\"><strong>7. Istotne techniki marketingowe<\/strong><\/h2>\n\n\n\n<ol class=\"wp-block-list\">\n<li>Operator obecnie nie prowadzi w Serwisie dzia\u0142a\u0144 marketingowych z wykorzystaniem danych osobowych.<\/li>\n<\/ol>\n\n\n\n<h2 class=\"wp-block-heading\"><strong>8. Informacja o plikach cookies<\/strong><\/h2>\n\n\n\n<ol class=\"wp-block-list\">\n<li>Serwis nie korzysta z plik\u00f3w cookies.<\/li>\n\n\n\n<li>Pliki cookies (tzw. \u201eciasteczka\u201d) stanowi\u0105 dane informatyczne, w szczeg\u00f3lno\u015bci pliki tekstowe, kt\u00f3re przechowywane s\u0105 w urz\u0105dzeniu ko\u0144cowym U\u017cytkownika Serwisu i przeznaczone s\u0105 do korzystania ze stron internetowych Serwisu. Cookies zazwyczaj zawieraj\u0105 nazw\u0119 strony internetowej, z kt\u00f3rej pochodz\u0105, czas przechowywania ich na urz\u0105dzeniu ko\u0144cowym oraz unikalny numer.<\/li>\n<\/ol>\n\n\n\n<p><\/p>\n\n\n\n<p><\/p>\n","protected":false},"excerpt":{"rendered":"<p>Data ostatniej aktualizacji: 22.10.2025 r. Polityka prywatno\u015bci opisuje zasady przetwarzania przez nas informacji na Tw\u00f3j temat, w tym danych osobowych oraz ciasteczek, czyli tzw. cookies. 1. Informacje og\u00f3lne 2. Wybrane metody ochrony danych stosowane przez Operatora 3. Hosting 4. Twoje prawa i dodatkowe informacje o sposobie wykorzystania danych 5. Informacje w formularzach 6. Logi Administratora [&hellip;]<\/p>\n","protected":false},"author":2,"featured_media":0,"parent":0,"menu_order":0,"comment_status":"closed","ping_status":"closed","template":"","meta":{"inline_featured_image":false,"footnotes":""},"class_list":["post-276","page","type-page","status-publish","hentry"],"_links":{"self":[{"href":"https:\/\/napisowa.pl\/index.php\/wp-json\/wp\/v2\/pages\/276","targetHints":{"allow":["GET"]}}],"collection":[{"href":"https:\/\/napisowa.pl\/index.php\/wp-json\/wp\/v2\/pages"}],"about":[{"href":"https:\/\/napisowa.pl\/index.php\/wp-json\/wp\/v2\/types\/page"}],"author":[{"embeddable":true,"href":"https:\/\/napisowa.pl\/index.php\/wp-json\/wp\/v2\/users\/2"}],"replies":[{"embeddable":true,"href":"https:\/\/napisowa.pl\/index.php\/wp-json\/wp\/v2\/comments?post=276"}],"version-history":[{"count":5,"href":"https:\/\/napisowa.pl\/index.php\/wp-json\/wp\/v2\/pages\/276\/revisions"}],"predecessor-version":[{"id":347,"href":"https:\/\/napisowa.pl\/index.php\/wp-json\/wp\/v2\/pages\/276\/revisions\/347"}],"wp:attachment":[{"href":"https:\/\/napisowa.pl\/index.php\/wp-json\/wp\/v2\/media?parent=276"}],"curies":[{"name":"wp","href":"https:\/\/api.w.org\/{rel}","templated":true}]}}